{"id":288,"date":"2024-03-21T12:08:40","date_gmt":"2024-03-21T11:08:40","guid":{"rendered":"https:\/\/marine-zegrar.com\/?page_id=288"},"modified":"2025-01-29T15:36:01","modified_gmt":"2025-01-29T14:36:01","slug":"handi-danse","status":"publish","type":"page","link":"https:\/\/marine-zegrar.com\/index.php\/handi-danse\/","title":{"rendered":"HANDIDANSE"},"content":{"rendered":"<p>La Handidanse est bien plus qu&rsquo;une simple forme de danse ; c&rsquo;est une v\u00e9ritable r\u00e9volution dans le monde de l&rsquo;art chor\u00e9graphique. Cette discipline novatrice vise \u00e0 rendre la danse accessible \u00e0 tous, ind\u00e9pendamment des capacit\u00e9s motrices et cognitives. En permettant aux personnes en situation de handicap de s&rsquo;exprimer \u00e0 travers le mouvement, la Handidanse c\u00e9l\u00e8bre la diversit\u00e9 et l&rsquo;inclusion offrant un espace o\u00f9 chacun peut briller sur sc\u00e8ne.<\/p>\n<p><!--more--><\/p>\n<p>Dans le film \u00ab\u00a0Alors on danse\u00a0\u00bb r\u00e9alis\u00e9 par Jacques Navarro Rovira, et auquel Marine ZEGRAR participe en tant que formatrice Handidanse, cette puissante forme d&rsquo;expression artistique est mise en lumi\u00e8re de mani\u00e8re captivante. Le film nous emm\u00e8ne dans un voyage \u00e9mouvant \u00e0 travers les histoires de danseurs extraordinaires qui d\u00e9fient les attentes et repoussent leurs limites.<br \/>\u00c0 travers des portraits intimes et inspirants, le r\u00e9alisateur nous montre comment la Handi Danse transforme la vie de ces danseurs, leur offrant un moyen de communication et d&rsquo;expression sans pareil. Chaque mouvement devient une d\u00e9claration de libert\u00e9 et de dignit\u00e9, chaque performance une c\u00e9l\u00e9bration de la force et de la r\u00e9silience humaine.<\/p>\n<p>Cela fait plus de dix ans que Marine ZEGRAR enseigne cette discipline au sein de centres socioculturels mais aussi dans les conservatoires de la ville de Paris. Depuis quelques ann\u00e9es, elle propose \u00e9galement des formations professionnelles (p\u00f4les d&rsquo;enseignements sup\u00e9rieurs, CNFPT) destin\u00e9es aux enseignants en danse ainsi qu&rsquo;\u00e0 tous professionnels du mouvement.<\/p>\n\n\n<figure class=\"wp-block-video aligncenter\"><video height=\"1080\" style=\"aspect-ratio: 1920 \/ 1080;\" width=\"1920\" controls poster=\"http:\/\/marine-zegrar.com\/wp-content\/uploads\/2025\/01\/Capture-decran-2025-01-28-a-20.22.15.png\" preload=\"none\" src=\"http:\/\/marine-zegrar.com\/wp-content\/uploads\/2025\/01\/Teaser-ALORS-ON-DANSE.mp4\"><\/video><figcaption class=\"wp-element-caption\">\u00ab\u00a0ALORS ON DANSE\u00a0\u00bb, documentaire de Jaques NAVARRO-ROVIRA.<\/figcaption><\/figure>\n\n\n\n<p>2017 \u2022&nbsp;<a href=\"http:\/\/www.rochefortpacifique.org\/\" target=\"_blank\" rel=\"noreferrer noopener\">Rochefort Pacifique<\/a>&nbsp;\u2022 Rochefort (France) \u2022 <strong>S\u00e9lection<\/strong><br>2017 \u2022&nbsp;<a href=\"https:\/\/www.fifotahiti.com\/\" target=\"_blank\" rel=\"noreferrer noopener\">Festival International du Film Oc\u00e9anien (FIFO)<\/a>&nbsp;\u2022 Papeete (France) \u2022 <strong>Prix du public<\/strong><br><\/p>\n\n\n\n<p class=\"has-text-align-left\">Ils en parlent :<br><a href=\"https:\/\/www.francetvpro.fr\/contenu-de-presse\/40066\" target=\"_blank\" rel=\"noreferrer noopener\"><strong>France TV<\/strong><\/a><br><a href=\"https:\/\/www.lemonde.fr\/televisions-radio\/article\/2017\/03\/18\/tv-alors-on-danse-le-ballet-des-corps-malades_5096654_1655027.html\" target=\"_blank\" rel=\"noreferrer noopener\"><strong>Le Monde<\/strong><\/a><br><a href=\"https:\/\/www.facebook.com\/fifo.officiel\/photos\/a.1376229989104973\/1376230169104955\/?type=3&amp;size=855%2C849&amp;fbid=1376230169104955\" target=\"_blank\" rel=\"noreferrer noopener\"><strong>Facebook<\/strong><\/a><\/p>\n\n\n\n<p><\/p>\n","protected":false},"excerpt":{"rendered":"<p>La Handidanse est bien plus qu&rsquo;une simple forme de danse ; c&rsquo;est une v\u00e9ritable r\u00e9volution dans le monde de l&rsquo;art chor\u00e9graphique. Cette discipline novatrice vise \u00e0 rendre la danse accessible \u00e0 tous, ind\u00e9pendamment des capacit\u00e9s motrices et cognitives. En permettant aux personnes en situation de handicap de s&rsquo;exprimer \u00e0 travers le mouvement, la Handidanse c\u00e9l\u00e8bre &hellip; <\/p>\n<p class=\"link-more\"><a href=\"https:\/\/marine-zegrar.com\/index.php\/handi-danse\/\" class=\"more-link\">Continuer la lecture<span class=\"screen-reader-text\"> de &laquo;&nbsp;HANDIDANSE&nbsp;&raquo;<\/span><\/a><\/p>\n","protected":false},"author":1,"featured_media":292,"parent":0,"menu_order":0,"comment_status":"closed","ping_status":"closed","template":"","meta":{"_vp_format_video_url":"","_vp_image_focal_point":[],"footnotes":""},"class_list":["post-288","page","type-page","status-publish","has-post-thumbnail","hentry"],"_links":{"self":[{"href":"https:\/\/marine-zegrar.com\/index.php\/wp-json\/wp\/v2\/pages\/288","targetHints":{"allow":["GET"]}}],"collection":[{"href":"https:\/\/marine-zegrar.com\/index.php\/wp-json\/wp\/v2\/pages"}],"about":[{"href":"https:\/\/marine-zegrar.com\/index.php\/wp-json\/wp\/v2\/types\/page"}],"author":[{"embeddable":true,"href":"https:\/\/marine-zegrar.com\/index.php\/wp-json\/wp\/v2\/users\/1"}],"replies":[{"embeddable":true,"href":"https:\/\/marine-zegrar.com\/index.php\/wp-json\/wp\/v2\/comments?post=288"}],"version-history":[{"count":27,"href":"https:\/\/marine-zegrar.com\/index.php\/wp-json\/wp\/v2\/pages\/288\/revisions"}],"predecessor-version":[{"id":634,"href":"https:\/\/marine-zegrar.com\/index.php\/wp-json\/wp\/v2\/pages\/288\/revisions\/634"}],"wp:featuredmedia":[{"embeddable":true,"href":"https:\/\/marine-zegrar.com\/index.php\/wp-json\/wp\/v2\/media\/292"}],"wp:attachment":[{"href":"https:\/\/marine-zegrar.com\/index.php\/wp-json\/wp\/v2\/media?parent=288"}],"curies":[{"name":"wp","href":"https:\/\/api.w.org\/{rel}","templated":true}]}}