{"id":316,"date":"2024-03-21T14:32:53","date_gmt":"2024-03-21T13:32:53","guid":{"rendered":"https:\/\/marine-zegrar.com\/?page_id=316"},"modified":"2025-01-03T02:15:08","modified_gmt":"2025-01-03T01:15:08","slug":"actualites","status":"publish","type":"page","link":"https:\/\/marine-zegrar.com\/index.php\/actualites\/","title":{"rendered":"ACTUALIT\u00c9S"},"content":{"rendered":"\n<p class=\"has-text-align-center\"><strong>FORMATION HANDIDANSE  &#8211;  1 ET 2 F\u00c9VRIER 2025<\/strong><\/p>\n\n\n\n<p class=\"has-text-align-center\"><strong>\u00ab\u00a0Danse et handicap : une p\u00e9dagogie adapt\u00e9e\u00a0\u00bb<\/strong><\/p>\n\n\n<p><!--more--><\/p>\n\n\n<p>Formation handidanse<\/p>\n\n\n\n<p>Danse et handicap : une p\u00e9dagogie adapt\u00e9e<\/p>\n\n\n\n<p><strong>Public concern\u00e9 et pr\u00e9-requis<br><\/strong>Professeurs, enseignants des \u00e9coles de danse et des conservatoires, danseurs intervenant dans les \u00e9tablissements accueillant des personnes handicap\u00e9es ou travaillant leur art avec un public neuro-atypique.<\/p>\n\n\n\n<p><strong>Objectifs<\/strong><\/p>\n\n\n\n<ul class=\"wp-block-list\">\n<li>Accueillir et int\u00e9grer le handicap dans l\u2019enseignement de la danse, \u00e0 travers les notions d\u2019inclusion et d\u2019int\u00e9gration<\/li>\n\n\n\n<li>Mettre en lien sa propre d\u00e9marche p\u00e9dagogique avec l\u2019id\u00e9e de p\u00e9dagogie diff\u00e9renci\u00e9e, non-directive, et de m\u00e9thode active, par atelier ou par composition<\/li>\n\n\n\n<li>Saisir l\u2019organisation d\u2019un cours type de \u00ab handidanse \u00bb d\u2019un point de vue th\u00e9orique et pratique.<\/li>\n<\/ul>\n\n\n\n<p><strong>Contenu<\/strong><\/p>\n\n\n\n<ul class=\"wp-block-list\">\n<li>Analyse du cours de \u00ab handidanse \u00bb d\u2019un point de vue th\u00e9orique : d\u00e9finition des acteurs, explication d\u2019un cours type et sp\u00e9cification des notions p\u00e9dagogiques mise en \u0153uvre<\/li>\n\n\n\n<li>Exp\u00e9rimentation du cours de \u00ab handidanse \u00bb d\u2019un point de vue pratique : s\u00e9curit\u00e9 ; mise en espace ; rythme et conscience corporelle ; faire des contraintes physiques et mentales des alli\u00e9es<\/li>\n\n\n\n<li>L\u2019improvisation, l\u2019impr\u00e9gnation et la r\u00e9p\u00e9tition au service de la composition chor\u00e9graphique<\/li>\n\n\n\n<li>L\u2019apprenant comme \u00e9metteur principal du mouvement.<\/li>\n<\/ul>\n\n\n\n<p><strong>Intervenante \u2013&nbsp;<\/strong><strong>Marine CEBREROS-ZEGRAR<\/strong><br>Dipl\u00f4m\u00e9e d\u2019Etat en danse jazz, enseignante en handidanse au sein de la ville de Bois-Colombes et actuellement en poste dans les conservatoires de la ville de Paris. Par ailleurs, elle exerce en tant que formatrice handidanse en m\u00e9tropole mais aussi jusqu\u2019en Polyn\u00e9sie fran\u00e7aise ou encore en tant que danseuse professionnelle (Cie Id\u00e9e France Jazz FFD, Cie Scenessens Modern Jazz, Jeune Ballet DCA Contemporain). Actuellement, elle est en formation AFCMD dans le but de cr\u00e9er un cursus de \u00ab handidanse \u00bb au sein du cadre institutionnel.<\/p>\n\n\n\n<p><strong>Droits d\u2019inscription<\/strong><br>Alsace 135 \u20ac \/ hors Alsace 200 \u20ac<br><br><br><br><\/p>\n\n\n\n<p><\/p>\n\n\n\n<p><\/p>\n\n\n\n<p><\/p>\n\n\n\n<p><\/p>\n\n\n<p style=\"text-align: center;\"><a href=\"http:\/\/marine-zegrar.com\/wp-content\/uploads\/2025\/01\/Handidanse-fiche-descriptive.pdf\" target=\"_blank\" rel=\"noopener\">T\u00c9L\u00c9CHARGEZ LA FICHE DESCRIPTIVE<\/a><\/p>\n\n\n<h2 class=\"wp-block-heading\"><\/h2>\n\n\n<p style=\"text-align: center;\"><a href=\"https:\/\/cdmcalsace.com\/danse\/\" target=\"_blank\" rel=\"noopener\">LIEN VERS LE SITE OFFICIEL DU CENTRE DE FORMATION<\/a><\/p>\n\n\n<p><\/p>\n","protected":false},"excerpt":{"rendered":"<p>FORMATION HANDIDANSE &#8211; 1 ET 2 F\u00c9VRIER 2025 \u00ab\u00a0Danse et handicap : une p\u00e9dagogie adapt\u00e9e\u00a0\u00bb<\/p>\n","protected":false},"author":1,"featured_media":0,"parent":0,"menu_order":0,"comment_status":"closed","ping_status":"closed","template":"","meta":{"_vp_format_video_url":"","_vp_image_focal_point":[],"footnotes":""},"class_list":["post-316","page","type-page","status-publish","hentry"],"_links":{"self":[{"href":"https:\/\/marine-zegrar.com\/index.php\/wp-json\/wp\/v2\/pages\/316","targetHints":{"allow":["GET"]}}],"collection":[{"href":"https:\/\/marine-zegrar.com\/index.php\/wp-json\/wp\/v2\/pages"}],"about":[{"href":"https:\/\/marine-zegrar.com\/index.php\/wp-json\/wp\/v2\/types\/page"}],"author":[{"embeddable":true,"href":"https:\/\/marine-zegrar.com\/index.php\/wp-json\/wp\/v2\/users\/1"}],"replies":[{"embeddable":true,"href":"https:\/\/marine-zegrar.com\/index.php\/wp-json\/wp\/v2\/comments?post=316"}],"version-history":[{"count":61,"href":"https:\/\/marine-zegrar.com\/index.php\/wp-json\/wp\/v2\/pages\/316\/revisions"}],"predecessor-version":[{"id":605,"href":"https:\/\/marine-zegrar.com\/index.php\/wp-json\/wp\/v2\/pages\/316\/revisions\/605"}],"wp:attachment":[{"href":"https:\/\/marine-zegrar.com\/index.php\/wp-json\/wp\/v2\/media?parent=316"}],"curies":[{"name":"wp","href":"https:\/\/api.w.org\/{rel}","templated":true}]}}